{"id":4347,"date":"2023-08-01T13:06:08","date_gmt":"2023-08-01T13:06:08","guid":{"rendered":"https:\/\/www.cascinabaresane.it\/privacy-policy\/"},"modified":"2023-10-10T15:50:43","modified_gmt":"2023-10-10T15:50:43","slug":"privacy-policy","status":"publish","type":"page","link":"https:\/\/www.cascinabaresane.it\/en\/privacy-policy\/","title":{"rendered":"Privacy Policy"},"content":{"rendered":"<section class=\"l-section wpb_row height_medium\"><div class=\"l-section-h i-cf\"><div class=\"g-cols vc_row via_grid cols_1 laptops-cols_inherit tablets-cols_inherit mobiles-cols_1 valign_top type_default stacking_default\"><div class=\"wpb_column vc_column_container\"><div class=\"vc_column-inner\"><div class=\"wpb_text_column\"><div class=\"wpb_wrapper\"><p>&#13;<\/p>\n<p><strong>PRIVACY POLICY<\/strong><\/p>\n<p>&#13;<\/p>\n<p>Ai sensi della normativa vigente e di quanto previsto dall\u2019art. 13 del Regolamento UE 2016\/679 del Parlamento Europeo e del Consiglio, del 27 aprile 2016, relativo alla protezione delle persone fisiche con riguardo al trattamento dei dati personali, nonch\u00e9 alla libera circolazione di tali dati (di seguito \u201cRegolamento\u201d), La informiamo che il Titolare del Trattamento dei dati da Lei forniti \u00e8 CASCINA BARESANE Sas \u2013 con sede in Localit\u00e0 Santa Rosalia 32, 12051- Alba (CN), Codice Fiscale e P.IVA n. 02875970044 nella persona di Amabile Durelli in qualit\u00e0 di Titolare del Trattamento, raccoglie e tratta i tuoi dati personali, forniti con la presente registrazione e quelli eventualmente raccolti per l\u2019erogazione degli specifici servizi che potrai richiedere, con modalit\u00e0 cartacee, automatizzate e telematiche e con logiche strettamente correlate alle finalit\u00e0 di fornitura dei servizi descritti all\u2019interno del sito.<\/p>\n<p>&#13;<\/p>\n<p>Cascina Baresane Sas ha provveduto a designare nel proprio organico i Responsabili del Trattamento dei dati e comunica che il trattamento dei dati personali avviene nella pi\u00f9 assoluta garanzia di segretezza e di sicurezza delle informazioni dell\u2019utente e si attiene alle norme ed alle misure di sicurezza adottate dall\u2019azienda stessa.<\/p>\n<p>&#13;<\/p>\n<p>Il Titolare del Trattamento e, a seconda del servizio richiesto, i Responsabili conservano il tracciato (LOG) delle connessioni\/navigazioni da te effettuate per rispondere alle eventuali richieste provenienti dall\u2019autorit\u00e0 giudiziaria o da altro organo pubblico legittimato a richiedere detto tracciato.<\/p>\n<p>&#13;<\/p>\n<p>Dati di navigazione<\/p>\n<p>&#13;<\/p>\n<p>I sistemi informatici ed i programmi informatici utilizzati per il funzionamento del sito raccolgono alcuni dati personali la cui trasmissione \u00e8 implicita nell\u2019uso dei protocolli di comunicazione di Internet (es. indirizzi IP o nomi a dominio dei computer utilizzati dagli utenti che si connettono al sito, gli indirizzi URI -Uniform Resource Identifier- delle risorse richieste, orario della richiesta, metodo utilizzato nel sottoporre la richiesta al server, dimensione del file ottenuto in risposta, codice numerico circa lo stato della risposta resa dal server -buon fine, errore, ecc.- ed altri parametri relativi al sistema operativo e all\u2019ambiente informatico dell\u2019utente). Bench\u00e9 si tratti di informazioni che non sono raccolte per essere associate a interessati identificati, per loro natura potrebbero, attraverso elaborazioni ed associazioni con dati detenuti da terzi, consentire di identificare gli utenti. Tali dati sono utilizzati al solo fine di ricavare informazioni statistiche non associate ad alcun dato identificativo dell\u2019utente sull\u2019uso del sito e per controllarne il corretto funzionamento e vengono cancellati immediatamente dopo l\u2019elaborazione. I dati potrebbero essere utilizzati per l\u2019accertamento di responsabilit\u00e0 in caso di ipotetici reati informatici ai danni del Sito.<\/p>\n<p>&#13;<\/p>\n<p>Dati forniti volontariamente dall\u2019utente:<\/p>\n<p>&#13;<\/p>\n<p>Per la consultazione del sito non \u00e8 richiesto alcun conferimento di dati personali da parte dell\u2019utente. Tuttavia, eventuali contatti con Cascina Baresane Sas, tramite l\u2019invio facoltativo, esplicito e spontaneo di messaggi, di posta elettronica o tradizionale, ai recapiti Cascina Baresane Sas indicati sul sito comportano la successiva acquisizione dell\u2019indirizzo, anche e-mail, del mittente o della relativa numerazione telefonica, necessari per rispondere alle richieste, nonch\u00e9 di eventuali altri dati personali inseriti nelle relative comunicazioni.<\/p>\n<p>&#13;<\/p>\n<p>Tali dati saranno utilizzati al solo fine di dar seguito alla richiesta dell\u2019utente e potranno essere comunicati a terzi solo nel caso in cui ci\u00f2 sia necessario a tal fine.<\/p>\n<p>&#13;<\/p>\n<p>Per il trattamento dei dati per tali finalit\u00e0 non occorre il Suo consenso poich\u00e9 il trattamento \u00e8 necessario all\u2019esecuzione di un contratto di cui Lei \u00e8 parte o all\u2019esecuzione di misure precontrattuali adottate su Sua richiesta (art. 6, comma 1, lett. b) del Regolamento, nonch\u00e9, ove applicabile, per adempiere un obbligo legale (art. 6, comma 1, lett. a) del Regolamento.<\/p>\n<p>&#13;<\/p>\n<p>I trattamenti sono effettuati anche con l\u2019ausilio di mezzi informatici per le seguenti finalit\u00e0:<\/p>\n<p>&#13;<\/p>\n<ol>&#13;<\/p>\n<li>Acquisire e confermare la sua prenotazione di servizi di alloggio e servizi accessori, e per fornire i servizi richiesti. Trattandosi di trattamenti necessari per la definizione dell\u2019accordo contrattuale e per la sua successiva attuazione, non \u00e8 richiesto il suo consenso, tranne nel caso in cui siano conferiti dati particolari, cosiddetti sensibili. In caso di rifiuto a conferire i dati personali, non potremo confermare la prenotazione o fornirle i servizi richiesti. Ad esempio con il Modulo di contatto l\u2019Utente, compilando con i propri Dati il modulo di contatto, acconsente al loro utilizzo per rispondere alle richieste di informazioni, di preventivo, o di qualunque altra natura indicata. I Dati Personali raccolti: Cognome, Nome, Email, Indirizzo, CAP, Numero di fax, Numero di telefono, Provincia, Numero di Persone che alloggeranno presso la struttura, date del viaggio ed eventuali note riportate nel modulo.<\/li>\n<p>&#13;<\/p>\n<li>Adempiere all\u2019obbligo previsto dal \u201cTesto unico delle leggi di pubblica sicurezza\u201d (articolo 109 R.D. 18.6.1931 n. 773) che ci impone di comunicare alla Questura, per fini di pubblica sicurezza, le generalit\u00e0 dei clienti alloggiati secondo le modalit\u00e0 stabilite dal Ministero dell\u2019Interno (Decreto 7 gennaio 2013). Il conferimento dei dati \u00e8 obbligatorio e non richiede il suo consenso e, in caso di rifiuto a fornirli, non potremo ospitarla nella nostra struttura. I dati acquisiti per tale finalit\u00e0 non vengono da noi conservati, a meno che non ci fornisca il consenso alla conservazione come previsto al punto 4;<\/li>\n<p>&#13;<\/p>\n<li>Adempiere ai vigenti obblighi amministrativi, contabili e fiscali. Per tali finalit\u00e0 il trattamento \u00e8 effettuato senza necessit\u00e0 di acquisire il suo consenso. I dati sono trattati da noi e da nostri incaricati, e vengono comunicati all\u2019esterno solo in adempimento ad obblighi di legge. In caso di rifiuto a conferire i dati necessari per gli adempimenti sopra indicati, non potremo fornirle i servizi richiesti. I dati acquisiti per tali finalit\u00e0 vengono da noi conservati per il tempo previsto dalle rispettive normative (10 anni, e anche oltre in caso di accertamenti fiscali);<\/li>\n<p>&#13;<\/p>\n<li>Accelerare le procedure di registrazione in caso di suoi successivi soggiorni presso la nostra struttura. Per tale finalit\u00e0, previa acquisizione del suo consenso revocabile in qualsiasi momento, i suoi dati saranno conservati per il periodo massimo di 10 anni e saranno utilizzati quando sar\u00e0 nuovamente nostro ospite per le finalit\u00e0 di cui ai punti precedenti;<\/li>\n<p>&#13;<\/p>\n<li>Espletare la funzione di ricevimento di messaggi e telefonate a lei indirizzati durante il suo soggiorno. Per tale finalit\u00e0 \u00e8 necessario il suo consenso. Potr\u00e0 revocare il consenso in qualsiasi momento.<\/li>\n<p>&#13;<\/p>\n<li>Inviarle nostri messaggi promozionali e aggiornamenti sulle tariffe e sulle offerte praticate. Per tale finalit\u00e0, previa acquisizione del suo consenso, i suoi dati saranno conservati per il periodo massimo di 10 anni e non saranno comunicati a terzi. Potr\u00e0 revocare il consenso in qualsiasi momento;<\/li>\n<p>&#13;\n<\/ol>\n<p>&#13;<\/p>\n<p>Il trattamento dei dati potrebbe anche avvenire da parte di personale incaricato da Durelli Amabile con procedure, strumenti tecnici e informatici idonei a tutelare la riservatezza e la sicurezza dei Suoi dati e consiste nella loro raccolta, registrazione, organizzazione, conservazione, consultazione, elaborazione, modificazione, selezione, estrazione, raffronto, utilizzo, interconnessione, blocco, comunicazione, diffusione, cancellazione, distruzione degli stessi comprese la combinazione di due o pi\u00f9 delle attivit\u00e0 suddette.<\/p>\n<p>&#13;<\/p>\n<p>Tali dati sono conservati per il tempo strettamente necessario a fornire all\u2019utente il servizio richiesto e sono eliminati subito dopo, salvi ulteriori obblighi di conservazione previsti dalla legge. I Suoi dati non saranno diffusi.<\/p>\n<p>&#13;<\/p>\n<p>Nell\u2019ambito della sua attivit\u00e0 e per le finalit\u00e0 sopra indicate Cascina Baresane Sas potr\u00e0 avvalersi di servizi resi da soggetti terzi che operano per conto di Cascina Baresane Sas e secondo le sue istruzioni, quali responsabili del trattamento. Si tratta di soggetti che forniscono a Cascina Baresane Sas servizi elaborativi o strumentali (es. servizi informatici per il funzionamento del sito). Potr\u00e0 richiedere un elenco completo e aggiornato dei soggetti nominati responsabili del trattamento.<\/p>\n<p>&#13;<\/p>\n<p>Desideriamo informarla che il Regolamento Europeo le riconosce alcuni diritti, tra cui il diritto di accesso, di rettifica, di cancellazione, di limitazione o di opposizione al trattamento, oltre al diritto alla portabilit\u00e0 dei dati, se ed in quanto applicabili (articoli da 15 a 22 del Regolamento UE n. 679 del 2016). Pu\u00f2 inoltre proporre reclamo all\u2019Autorit\u00e0 di Controllo, secondo le procedure previste dalla normativa vigente.<\/p>\n<p>&#13;<\/p>\n<p>Avr\u00e0 facolt\u00e0, in qualsiasi momento, quindi, di esercitare i diritti previsti dalla normativa vigente, ivi incluso il diritto di:<\/p>\n<p>&#13;<\/p>\n<ul>&#13;<\/p>\n<li>Ricevere conferma dell\u2019esistenza dei suoi dati personali e accedere al loro contenuto;<\/li>\n<p>&#13;<\/p>\n<li>Aggiornare, modificare e\/o correggere i suoi dati personali;<\/li>\n<p>&#13;<\/p>\n<li>Chiederne la cancellazione, la trasformazione in forma anonima, il blocco dei dati trattati in violazione di legge o la limitazione del trattamento;<\/li>\n<p>&#13;<\/p>\n<li>Opporsi per motivi legittimi al trattamento;<\/li>\n<p>&#13;<\/p>\n<li>Ricevere copia dei dati da lei forniti e chiedere che tali dati siano trasmessi ad un altro titolare del trattamento.<\/li>\n<p>&#13;\n<\/ul>\n<p>&#13;<\/p>\n<p>Tali diritti possono essere esercitati inviando specifica richiesta a Cascina Baresane Sas in Localit\u00e0 Santa Rosalia 32, 12051- Alba (CN), email: amabile@cascinabaresane.it<\/p>\n<p>&#13;<\/p>\n<\/div><\/div><\/div><\/div><\/div><\/div><\/section>","protected":false},"excerpt":{"rendered":"&#13; PRIVACY POLICY &#13; Ai sensi della normativa vigente e di quanto previsto dall\u2019art. 13 del Regolamento UE 2016\/679 del Parlamento Europeo e del Consiglio, del 27 aprile 2016, relativo alla protezione delle persone fisiche con riguardo al trattamento dei dati personali, nonch\u00e9 alla libera circolazione di tali dati (di seguito \u201cRegolamento\u201d), La informiamo che...","protected":false},"author":1,"featured_media":0,"parent":0,"menu_order":0,"comment_status":"closed","ping_status":"open","template":"","meta":{"footnotes":""},"class_list":["post-4347","page","type-page","status-publish","hentry"],"_links":{"self":[{"href":"https:\/\/www.cascinabaresane.it\/en\/wp-json\/wp\/v2\/pages\/4347","targetHints":{"allow":["GET"]}}],"collection":[{"href":"https:\/\/www.cascinabaresane.it\/en\/wp-json\/wp\/v2\/pages"}],"about":[{"href":"https:\/\/www.cascinabaresane.it\/en\/wp-json\/wp\/v2\/types\/page"}],"author":[{"embeddable":true,"href":"https:\/\/www.cascinabaresane.it\/en\/wp-json\/wp\/v2\/users\/1"}],"replies":[{"embeddable":true,"href":"https:\/\/www.cascinabaresane.it\/en\/wp-json\/wp\/v2\/comments?post=4347"}],"version-history":[{"count":1,"href":"https:\/\/www.cascinabaresane.it\/en\/wp-json\/wp\/v2\/pages\/4347\/revisions"}],"predecessor-version":[{"id":4348,"href":"https:\/\/www.cascinabaresane.it\/en\/wp-json\/wp\/v2\/pages\/4347\/revisions\/4348"}],"wp:attachment":[{"href":"https:\/\/www.cascinabaresane.it\/en\/wp-json\/wp\/v2\/media?parent=4347"}],"curies":[{"name":"wp","href":"https:\/\/api.w.org\/{rel}","templated":true}]}}